{"id":640,"date":"2023-06-05T10:13:20","date_gmt":"2023-06-05T07:13:20","guid":{"rendered":"http:\/\/vikinar.com\/maksudi\/?page_id=640"},"modified":"2023-08-19T14:01:13","modified_gmt":"2023-08-19T14:01:13","slug":"640-2","status":"publish","type":"page","link":"https:\/\/sadrimaksudi.org\/en\/","title":{"rendered":""},"content":{"rendered":"\n<main class=\"wp-block-group has-global-padding is-layout-constrained\" style=\"margin-top:var(--wp--preset--spacing--0);margin-bottom:var(--wp--preset--spacing--0)\">\n<h1 class=\"wp-block-heading alignwide has-text-align-center\" style=\"margin-bottom:var(--wp--preset--spacing--0)\">Sadri Maksudi Arsal<\/h1>\n\n\n\n<p class=\"has-text-align-center has-large-font-size\">A Documentary Study<\/p>\n\n\n\n<pre class=\"wp-block-code has-dm-sans-font-family has-small-font-size\"><code><div style=\"padding-left:2em; width:100%;\"><p>A renown multidisciplinary scholar, philosopher, statesman and first and foremost a Turkish nationalist from Kazan, Sadri Maksudi Arsal has left his mark in history with his valuable contributions to Atat\u00fcrk's reforms and with his pioneering work in law, linguistics and history in the period 1925 to 1935.<br>He was elected to the II. and III. Dumas (1907-1912) to represent Russian Moslems. Following the 1917 revolution, he was active in the formation of \"The Inner Russia and Siberia Muslims National-Cultural Autonomous Administration\" which would later be referred to as the \"Idil Ural State\". He was elected Chairman to the Assembly of this administration and defended its rights at the 1919 Paris Peace Conference.<\/p><\/div><\/code><\/pre>\n\n\n\n<p class=\"has-dm-sans-font-family has-small-font-size\"><\/p>\n\n\n\n<div class=\"wp-block-media-text has-media-on-the-right is-stacked-on-mobile is-vertically-aligned-center has-small-font-size\" style=\"margin-top:0;margin-right:0;margin-bottom:0;margin-left:0;padding-top:0;padding-right:0;padding-bottom:0;padding-left:0;grid-template-columns:auto 45%\"><div class=\"wp-block-media-text__content\">\n<p class=\"has-small-font-size\">In 1923 he settled in Paris and lectured at the Institute of Slavonic Studies of the Sorbonne University.&nbsp;&nbsp; In 1925 upon Atat\u00fcrk&#8217;s invitation he moved to Ankara and founded the Department of the History of Turkish Law, initiating the study of pre-Islamic Turkish Legal System.&nbsp; He also taught Philosophy of Law, General History of Law and History of Turkish Law for long years at the University of Istanbul.<\/p>\n\n\n\n<p class=\"has-small-font-size\">He served as a deputy at the Turkish Grand National Assembly for three terms from \u015eebinkarahisar (1931-1935) and Giresun (1935-1939). In 1950 he was re-elected from the Democrat Party from Ankara. <\/p>\n\n\n\n<p class=\"has-small-font-size\"><strong><a href=\"https:\/\/sadrimaksudi.org\/en\/about-this-web-site\/\" target=\"_blank\" rel=\"noreferrer noopener\">The purpose of this web site<\/a><\/strong><\/p>\n<\/div><figure class=\"wp-block-media-text__media\"><img decoding=\"async\" loading=\"lazy\" width=\"554\" height=\"709\" src=\"https:\/\/sadrimaksudi.org\/en\/wp-content\/uploads\/2023\/02\/sadri-maksudi-portre-1.jpg\" alt=\"\" class=\"wp-image-11 size-full\" srcset=\"https:\/\/sadrimaksudi.org\/en\/wp-content\/uploads\/2023\/02\/sadri-maksudi-portre-1.jpg 554w, https:\/\/sadrimaksudi.org\/en\/wp-content\/uploads\/2023\/02\/sadri-maksudi-portre-1-234x300.jpg 234w\" sizes=\"(max-width: 554px) 100vw, 554px\" \/><\/figure><\/div>\n\n\n\n<div class=\"wp-block-group has-base-background-color has-background has-link-color wp-elements-7298ef0410da2a1cbed0a7a6a2265e70 has-global-padding is-layout-constrained\">\n<p><\/p>\n\n\n\n<div class=\"wp-block-media-text is-stacked-on-mobile is-vertically-aligned-center has-small-font-size\" style=\"margin-top:0;margin-right:0;margin-bottom:0;margin-left:0;padding-top:0;padding-right:0;padding-bottom:0;padding-left:0;grid-template-columns:46% auto\"><figure class=\"wp-block-media-text__media\"><img decoding=\"async\" loading=\"lazy\" width=\"522\" height=\"579\" src=\"https:\/\/sadrimaksudi.org\/en\/wp-content\/uploads\/2023\/04\/Sadri-Maksudi-Kazan-Istanbul-Parkinda-Heykeli.jpg\" alt=\"\" class=\"wp-image-411 size-full\" srcset=\"https:\/\/sadrimaksudi.org\/en\/wp-content\/uploads\/2023\/04\/Sadri-Maksudi-Kazan-Istanbul-Parkinda-Heykeli.jpg 522w, https:\/\/sadrimaksudi.org\/en\/wp-content\/uploads\/2023\/04\/Sadri-Maksudi-Kazan-Istanbul-Parkinda-Heykeli-270x300.jpg 270w\" sizes=\"(max-width: 522px) 100vw, 522px\" \/><\/figure><div class=\"wp-block-media-text__content\">\n<p>\u0130stanbul and Kazan were declared sister cities and on 7 December 2017 a statue of Sadri Maksudi Arsal was erected at the \u0130stanbul Park in Kazan. <\/p>\n<\/div><\/div>\n\n\n\n<p> <\/p>\n\n\n\n<div class=\"wp-block-group has-link-color wp-elements-455d3bf3805f41a5709d60108ede3395 is-vertical is-content-justification-center is-layout-flex wp-container-1\">\n<div class=\"wp-block-media-text alignwide has-media-on-the-right is-stacked-on-mobile\" style=\"grid-template-columns:auto 36%\"><div class=\"wp-block-media-text__content\">\n<p>&#8220;<a href=\"https:\/\/sadrimaksudi.org\/wp-content\/uploads\/2023\/02\/Sadri-Maksudi-Arsal-Hayat-Hikayesi.pdf\" target=\"_blank\" rel=\"noreferrer noopener\">Sadri Maksudi Arsal- Hayat Hikayesi&#8221;  <\/a><br><a href=\"https:\/\/sadrimaksudi.org\/wp-content\/uploads\/2023\/02\/Sadri-Maksudi-Arsal-Hayat-Hikayesi.pdf\" target=\"_blank\" rel=\"noreferrer noopener\">Adile Ayda<\/a><\/p>\n\n\n\n<p class=\"has-small-font-size\">The biography of Sadri Maksudi Arsal, was written by his daughter Adile Ayda. The book was updated by his granddaughter G\u00fclnur \u00dc\u00e7ok through the addition of information and sources which were missing in the first edition and was republished in 2022 with the title, <em>Sadri Maksudi Arsal- Hayat Hik\u00e2yesi.<\/em><\/p>\n<\/div><figure class=\"wp-block-media-text__media\"><a href=\"https:\/\/sadrimaksudi.org\/en\/wp-content\/uploads\/2023\/02\/Sadri-Maksudi-Arsal-Hayat-Hikayesi.pdf\"><img decoding=\"async\" loading=\"lazy\" width=\"720\" height=\"1024\" src=\"https:\/\/sadrimaksudi.org\/wp-content\/uploads\/2023\/02\/Sadri-Maksudi-Arsal-Hayat-Hikayesi-1-720x1024.jpg\" alt=\"\" class=\"wp-image-166 size-full\" srcset=\"https:\/\/sadrimaksudi.org\/en\/wp-content\/uploads\/2023\/02\/Sadri-Maksudi-Arsal-Hayat-Hikayesi-1-720x1024.jpg 720w, https:\/\/sadrimaksudi.org\/en\/wp-content\/uploads\/2023\/02\/Sadri-Maksudi-Arsal-Hayat-Hikayesi-1-211x300.jpg 211w, https:\/\/sadrimaksudi.org\/en\/wp-content\/uploads\/2023\/02\/Sadri-Maksudi-Arsal-Hayat-Hikayesi-1-768x1093.jpg 768w, https:\/\/sadrimaksudi.org\/en\/wp-content\/uploads\/2023\/02\/Sadri-Maksudi-Arsal-Hayat-Hikayesi-1.jpg 780w\" sizes=\"(max-width: 720px) 100vw, 720px\" \/><\/a><\/figure><\/div>\n<\/div>\n\n\n\n<div class=\"wp-block-group has-link-color wp-elements-4ddcf54d7d1686160c303ca6fe0c5525 is-vertical is-layout-flex wp-container-2\">\n<div class=\"wp-block-media-text alignwide is-stacked-on-mobile\" style=\"grid-template-columns:37% auto\"><figure class=\"wp-block-media-text__media\"><a href=\"https:\/\/sadrimaksudi.org\/wp-content\/uploads\/2023\/02\/Sadri-Maksudi-Arsal-Hayat-Hikayesi.pdf\"><img decoding=\"async\" loading=\"lazy\" width=\"450\" height=\"630\" src=\"https:\/\/sadrimaksudi.org\/en\/wp-content\/uploads\/2023\/04\/Sempozyum.webp\" alt=\"\" class=\"wp-image-459 size-full\" srcset=\"https:\/\/sadrimaksudi.org\/en\/wp-content\/uploads\/2023\/04\/Sempozyum.webp 450w, https:\/\/sadrimaksudi.org\/en\/wp-content\/uploads\/2023\/04\/Sempozyum-214x300.webp 214w\" sizes=\"(max-width: 450px) 100vw, 450px\" \/><\/a><\/figure><div class=\"wp-block-media-text__content\">\n<p><a href=\"https:\/\/sadrimaksudi.org\/en\/sadri-maksudi-arsal-symposium\/\" target=\"_blank\" rel=\"noreferrer noopener\">The communications presented at the Sadri Maksudi Arsal Symposium at the fiftieth anniversary of his death. <\/a><\/p>\n<\/div><\/div>\n<\/div>\n\n\n\n<div class=\"wp-block-columns is-layout-flex wp-container-6\">\n<div class=\"wp-block-column has-global-padding is-layout-constrained\">\n<div class=\"wp-block-media-text alignwide is-stacked-on-mobile\" style=\"grid-template-columns:44% auto\"><figure class=\"wp-block-media-text__media\"><a href=\"https:\/\/sadrimaksudi.org\/en\/hayat-hikayesi\/\"><img decoding=\"async\" loading=\"lazy\" width=\"262\" height=\"450\" src=\"https:\/\/sadrimaksudi.org\/en\/wp-content\/uploads\/2023\/02\/Kucuk-Sadri-Maksudi-Paris-1906.jpg\" alt=\"\" class=\"wp-image-172 size-full\" srcset=\"https:\/\/sadrimaksudi.org\/en\/wp-content\/uploads\/2023\/02\/Kucuk-Sadri-Maksudi-Paris-1906.jpg 262w, https:\/\/sadrimaksudi.org\/en\/wp-content\/uploads\/2023\/02\/Kucuk-Sadri-Maksudi-Paris-1906-175x300.jpg 175w\" sizes=\"(max-width: 262px) 100vw, 262px\" \/><\/a><\/figure><div class=\"wp-block-media-text__content\">\n<p class=\"has-small-font-size\"><a href=\"https:\/\/sadrimaksudi.org\/en\/biography\/\" target=\"_blank\" rel=\"noreferrer noopener\">Biography<\/a><\/p>\n<\/div><\/div>\n<\/div>\n\n\n\n<div class=\"wp-block-column is-layout-flow\">\n<div class=\"wp-block-media-text alignwide is-stacked-on-mobile\" style=\"grid-template-columns:61% auto\"><figure class=\"wp-block-media-text__media\"><a href=\"sadrimaksudi.org\/en\/kitaplari-2\/\" target=\"_blank\" rel=\"noreferrer noopener\"><img decoding=\"async\" loading=\"lazy\" width=\"859\" height=\"1024\" src=\"https:\/\/sadrimaksudi.org\/en\/wp-content\/uploads\/2023\/03\/Maksudi-S-Kitaplar-2-859x1024.jpg\" alt=\"\" class=\"wp-image-272 size-full\" srcset=\"https:\/\/sadrimaksudi.org\/en\/wp-content\/uploads\/2023\/03\/Maksudi-S-Kitaplar-2-859x1024.jpg 859w, https:\/\/sadrimaksudi.org\/en\/wp-content\/uploads\/2023\/03\/Maksudi-S-Kitaplar-2-252x300.jpg 252w, https:\/\/sadrimaksudi.org\/en\/wp-content\/uploads\/2023\/03\/Maksudi-S-Kitaplar-2-768x916.jpg 768w, https:\/\/sadrimaksudi.org\/en\/wp-content\/uploads\/2023\/03\/Maksudi-S-Kitaplar-2-1288x1536.jpg 1288w, https:\/\/sadrimaksudi.org\/en\/wp-content\/uploads\/2023\/03\/Maksudi-S-Kitaplar-2.jpg 1606w\" sizes=\"(max-width: 859px) 100vw, 859px\" \/><\/a><\/figure><div class=\"wp-block-media-text__content\">\n<p class=\"has-small-font-size\"><a href=\"https:\/\/sadrimaksudi.org\/en\/his-books\" target=\"_blank\" rel=\"noreferrer noopener\">His Books<\/a><\/p>\n<\/div><\/div>\n<\/div>\n\n\n\n<div class=\"wp-block-column is-layout-flow\">\n<div class=\"wp-block-media-text alignwide is-stacked-on-mobile\"><figure class=\"wp-block-media-text__media\"><a href=\"https:\/\/sadrimaksudi.org\/en\/makaleleri-2\/\"><img decoding=\"async\" loading=\"lazy\" width=\"586\" height=\"881\" src=\"https:\/\/sadrimaksudi.org\/en\/wp-content\/uploads\/2023\/02\/Makaleleri.jpg\" alt=\"\" class=\"wp-image-31 size-full\" srcset=\"https:\/\/sadrimaksudi.org\/en\/wp-content\/uploads\/2023\/02\/Makaleleri.jpg 586w, https:\/\/sadrimaksudi.org\/en\/wp-content\/uploads\/2023\/02\/Makaleleri-200x300.jpg 200w\" sizes=\"(max-width: 586px) 100vw, 586px\" \/><\/a><\/figure><div class=\"wp-block-media-text__content\">\n<p class=\"has-small-font-size\"><a href=\"https:\/\/sadrimaksudi.org\/en\/his-articles\/\" target=\"_blank\" rel=\"noreferrer noopener\">His Articles<\/a><\/p>\n<\/div><\/div>\n<\/div>\n<\/div>\n\n\n\n<div class=\"wp-block-columns is-layout-flex wp-container-10\">\n<div class=\"wp-block-column is-layout-flow\">\n<div class=\"wp-block-media-text alignwide is-stacked-on-mobile has-small-font-size\" style=\"grid-template-columns:48% auto\"><figure class=\"wp-block-media-text__media\"><a href=\"https:\/\/sadrimaksudi.org\/en\/wp-content\/uploads\/2023\/03\/ataturk-ansklopedisi-sadri-maksudi-arsal_fqK3F5NTz1tDSkX70EHWMRLO8.pdf\"><img decoding=\"async\" loading=\"lazy\" width=\"486\" height=\"580\" src=\"https:\/\/sadrimaksudi.org\/en\/wp-content\/uploads\/2023\/04\/Sadri-Maksudi-Ataturk-Ansiklopedisi-Dar.jpg\" alt=\"\" class=\"wp-image-409 size-full\" srcset=\"https:\/\/sadrimaksudi.org\/en\/wp-content\/uploads\/2023\/04\/Sadri-Maksudi-Ataturk-Ansiklopedisi-Dar.jpg 486w, https:\/\/sadrimaksudi.org\/en\/wp-content\/uploads\/2023\/04\/Sadri-Maksudi-Ataturk-Ansiklopedisi-Dar-251x300.jpg 251w\" sizes=\"(max-width: 486px) 100vw, 486px\" \/><\/a><\/figure><div class=\"wp-block-media-text__content\">\n<p><a href=\"https:\/\/sadrimaksudi.org\/en\/wp-content\/uploads\/2023\/07\/Sadri-Maksudi-Arsal-Ataturk-Ansiklopedisi.pdf\" target=\"_blank\" rel=\"noreferrer noopener\">Atat\u00fcrk Encyclopedia Sadri Maksudi entry<\/a><\/p>\n<\/div><\/div>\n<\/div>\n\n\n\n<div class=\"wp-block-column is-layout-flow\">\n<div class=\"wp-block-media-text alignwide is-stacked-on-mobile\" style=\"grid-template-columns:55% auto\"><figure class=\"wp-block-media-text__media\"><a href=\"https:\/\/sadrimaksudi.org\/en\/hakkinda-yazilanlar-2\/\"><img decoding=\"async\" loading=\"lazy\" width=\"814\" height=\"1024\" src=\"https:\/\/sadrimaksudi.org\/en\/wp-content\/uploads\/2023\/03\/Hakkinda-Yazilanlar-1-814x1024.jpg\" alt=\"\" class=\"wp-image-271 size-full\" srcset=\"https:\/\/sadrimaksudi.org\/en\/wp-content\/uploads\/2023\/03\/Hakkinda-Yazilanlar-1-814x1024.jpg 814w, https:\/\/sadrimaksudi.org\/en\/wp-content\/uploads\/2023\/03\/Hakkinda-Yazilanlar-1-238x300.jpg 238w, https:\/\/sadrimaksudi.org\/en\/wp-content\/uploads\/2023\/03\/Hakkinda-Yazilanlar-1-768x966.jpg 768w, https:\/\/sadrimaksudi.org\/en\/wp-content\/uploads\/2023\/03\/Hakkinda-Yazilanlar-1-1221x1536.jpg 1221w, https:\/\/sadrimaksudi.org\/en\/wp-content\/uploads\/2023\/03\/Hakkinda-Yazilanlar-1.jpg 1471w\" sizes=\"(max-width: 814px) 100vw, 814px\" \/><\/a><\/figure><div class=\"wp-block-media-text__content\">\n<p><a href=\"https:\/\/sadrimaksudi.org\/en\/works-about-him\/\" target=\"_blank\" rel=\"noreferrer noopener\">About him: Books and articles<\/a><\/p>\n<\/div><\/div>\n<\/div>\n\n\n\n<div class=\"wp-block-column is-layout-flow\">\n<div class=\"wp-block-media-text alignwide is-stacked-on-mobile\" style=\"grid-template-columns:51% auto\"><figure class=\"wp-block-media-text__media\"><img decoding=\"async\" loading=\"lazy\" width=\"320\" height=\"406\" src=\"https:\/\/sadrimaksudi.org\/en\/wp-content\/uploads\/2023\/02\/Konusmalari-1.jpg\" alt=\"\" class=\"wp-image-178 size-full\" srcset=\"https:\/\/sadrimaksudi.org\/en\/wp-content\/uploads\/2023\/02\/Konusmalari-1.jpg 320w, https:\/\/sadrimaksudi.org\/en\/wp-content\/uploads\/2023\/02\/Konusmalari-1-236x300.jpg 236w\" sizes=\"(max-width: 320px) 100vw, 320px\" \/><\/figure><div class=\"wp-block-media-text__content\">\n<p class=\"has-small-font-size\"><a href=\"https:\/\/sadrimaksudi.org\/en\/his-speeches\/\" target=\"_blank\" rel=\"noreferrer noopener\">His Speeches<\/a><\/p>\n<\/div><\/div>\n<\/div>\n<\/div>\n<\/div>\n\n\n\n<section class=\"wp-block-query alignwide a:hover {  color: #990000; text-decoration: underline; } is-layout-flow\"><\/section>\n\n\n\n<div class=\"wp-block-group alignwide has-global-padding is-layout-constrained\">\n<div class=\"wp-block-columns is-layout-flex wp-container-16\">\n<div class=\"wp-block-column is-layout-flow\">\n<div class=\"wp-block-media-text alignwide is-stacked-on-mobile\" style=\"grid-template-columns:53% auto\"><figure class=\"wp-block-media-text__media\"><img decoding=\"async\" loading=\"lazy\" width=\"150\" height=\"212\" src=\"https:\/\/sadrimaksudi.org\/en\/wp-content\/uploads\/2023\/04\/Sadri-Maksudi-K-Saga.jpg\" alt=\"\" class=\"wp-image-410 size-full\"\/><\/figure><div class=\"wp-block-media-text__content\">\n<p class=\"has-small-font-size\"><a href=\"https:\/\/sadrimaksudi.org\/en\/videos\/\" target=\"_blank\" rel=\"noreferrer noopener\">Videos<\/a><\/p>\n<\/div><\/div>\n<\/div>\n\n\n\n<div class=\"wp-block-column is-layout-flow\">\n<div class=\"wp-block-media-text alignwide is-stacked-on-mobile\"><figure class=\"wp-block-media-text__media\"><img decoding=\"async\" loading=\"lazy\" width=\"539\" height=\"764\" src=\"https:\/\/sadrimaksudi.org\/en\/wp-content\/uploads\/2023\/04\/Turk-Tarihinn-Telkinati-Buyuk-Emeller-1.jpg\" alt=\"\" class=\"wp-image-439 size-full\" srcset=\"https:\/\/sadrimaksudi.org\/en\/wp-content\/uploads\/2023\/04\/Turk-Tarihinn-Telkinati-Buyuk-Emeller-1.jpg 539w, https:\/\/sadrimaksudi.org\/en\/wp-content\/uploads\/2023\/04\/Turk-Tarihinn-Telkinati-Buyuk-Emeller-1-212x300.jpg 212w\" sizes=\"(max-width: 539px) 100vw, 539px\" \/><\/figure><div class=\"wp-block-media-text__content\">\n<p class=\"has-small-font-size\"><a href=\"https:\/\/sadrimaksudi.org\/en\/wp-content\/uploads\/2023\/04\/Turk-Tarihinin-Telkinati-KITAPCIK.pdf\" target=\"_blank\" rel=\"noreferrer noopener\">T\u00fcrk Yurdu articles <br>of 1911 and 1925<\/a><\/p>\n<\/div><\/div>\n<\/div>\n\n\n\n<div class=\"wp-block-column is-layout-flow\">\n<div class=\"wp-block-media-text alignwide is-stacked-on-mobile\" style=\"grid-template-columns:44% auto\"><figure class=\"wp-block-media-text__media\"><img decoding=\"async\" loading=\"lazy\" width=\"450\" height=\"714\" src=\"https:\/\/sadrimaksudi.org\/en\/wp-content\/uploads\/2023\/04\/Tasvir-Yazilari-Demokrasi-1.jpg\" alt=\"\" class=\"wp-image-437 size-full\" srcset=\"https:\/\/sadrimaksudi.org\/en\/wp-content\/uploads\/2023\/04\/Tasvir-Yazilari-Demokrasi-1.jpg 450w, https:\/\/sadrimaksudi.org\/en\/wp-content\/uploads\/2023\/04\/Tasvir-Yazilari-Demokrasi-1-189x300.jpg 189w\" sizes=\"(max-width: 450px) 100vw, 450px\" \/><\/figure><div class=\"wp-block-media-text__content\">\n<p class=\"has-small-font-size\"><a href=\"https:\/\/sadrimaksudi.org\/en\/wp-content\/uploads\/2023\/04\/Tasvir-Gazetesi-1945-1946-yazilari.pdf\" target=\"_blank\" rel=\"noreferrer noopener\">Tasvir newspaper articles on democracy<br>1945- 1946<\/a><\/p>\n<\/div><\/div>\n<\/div>\n<\/div>\n\n\n\n<div class=\"wp-block-columns is-layout-flex wp-container-20\">\n<div class=\"wp-block-column is-layout-flow\">\n<div class=\"wp-block-media-text alignwide is-stacked-on-mobile\"><figure class=\"wp-block-media-text__media\"><img decoding=\"async\" loading=\"lazy\" width=\"633\" height=\"808\" src=\"https:\/\/sadrimaksudi.org\/en\/wp-content\/uploads\/2023\/06\/Teokratik_Laik_Devlet.jpg\" alt=\"Teokratik Devlet Laik Devlet\" class=\"wp-image-701 size-full\" srcset=\"https:\/\/sadrimaksudi.org\/en\/wp-content\/uploads\/2023\/06\/Teokratik_Laik_Devlet.jpg 633w, https:\/\/sadrimaksudi.org\/en\/wp-content\/uploads\/2023\/06\/Teokratik_Laik_Devlet-235x300.jpg 235w\" sizes=\"(max-width: 633px) 100vw, 633px\" \/><\/figure><div class=\"wp-block-media-text__content\">\n<p class=\"has-small-font-size\"><a href=\"https:\/\/sadrimaksudi.org\/en\/wp-content\/uploads\/2023\/06\/Teokratik-Devlet-ve-Laik-Devlet.pdf\" target=\"_blank\" rel=\"noreferrer noopener\">Teokratik Devlet- Laik Devlet &#8211; monograph on laicism<\/a><\/p>\n<\/div><\/div>\n<\/div>\n\n\n\n<div class=\"wp-block-column is-layout-flow\"><\/div>\n\n\n\n<div class=\"wp-block-column is-layout-flow\"><\/div>\n<\/div>\n\n\n\n<p style=\"font-size:clamp(1.238rem, 1.238rem + ((1vw - 0.48rem) * 0.792), 1.65rem);\">Obituary Comments<\/p>\n\n\n\n<p class=\"has-small-font-size\"><strong>Prof. Halil \u0130nalc\u0131k<\/strong><br>It is a truly human virtue to remember and commemorate. Yet, there are events that merit more than a commemoration, it is our national duty to commemorate them. Such commemorations are occasions to express a nation&#8217;s commitment to its eternal aspirations and reflect the dynamism of national conscience. The commemoration of those who have served our national life and culture, attest to the maturity and strength of our national pride.<br>Two years on his death, while summarizing his latest book, I reflect not only on his teaching virtues but also on Prof. Emeritus Sadri Maksudi\u2019s important significance in the Turkish world. &nbsp;Sadri Maksudi passed away to eternity two years ago on the twenty first of February. He was not only a teacher lecturing justice and law to thousands of young men from the podium of the Faculty of Law. He was not only a Turkish intellectual who studied the thinking of mankind&#8217;s great scholars from their own writings and analyzed them under a Turkish approach. He was one of the major contributors to the establishment of the cultural foundations of modern Turkey in his role as a close associate of Atat\u00fcrk during the reform period.<br>The source and guide of Sadri Maksudi&#8217;s activities was his ardent faith in the Turkish nation and its future. Sadri Maksudi fully comprehended and felt the importance of the role of the Turkish nation in history and civilization, he was a national warrior who dedicated his life struggling to dignify it.<br>(Halil \u0130nalc\u0131k, Vatan, March 2, 1958)<\/p>\n\n\n\n<p class=\"has-small-font-size\"><strong>Prof. Tayyip G\u00f6kbilgin<\/strong><br>\u201cSadri Maksudi Arsal occupies an important place in the recent history of our science and culture, especially in the realms of our national history and Turkish nationalism. For more than thirty years, he has authored works of unparalleled importance for our universities and scientific life. Through his vast knowledge, unwavering energy and his pure and fervent dedication to Turkism he was able to accomplish great services at the Turkish Institute of History.&#8221;<\/p>\n\n\n\n<p class=\"has-small-font-size\">(G\u00f6kbilgin, Tayyip, &#8220;Sadri Maksudi&#8217;nin T\u00fcrk Tarihi ve T\u00fcrk Soyu Hakk\u0131ndaki G\u00f6r\u00fc\u015fleri&#8221;,<br>T\u00fcrk Yurdu April- May 1970, Vol. II, Issue 4, pp 23-27)<\/p>\n\n\n\n<p class=\"has-small-font-size\"><strong>Prof. Dr. Nadir Devlet<\/strong><br>\u201cSadri Maksudi is the most important figure in the 20th century history of the Tatar people. Until recently his ideas and actions have remained exemplary.\u201d<br>(Nadir Devlet, &#8220;Stateman and Thinker Sadri Maksudi Arsal, on the 50th anniversary of his death, 13 May 2007)<\/p>\n\n\n\n<p class=\"has-small-font-size\"><strong>Prof. Dr. Reha Poroy<\/strong><br>Institutions certainly have their own unique and ongoing personality.&nbsp;On the other hand, institutions are born and live only thanks to some people.&nbsp;To commemorate these people, to imagine the resonation of their voices under the dome of the institution, is not only a tribute, it is a necessity in the evaluation and further progress of the institution. That is the best description of what Ord. Prof. Sadri Maksudi Arsal meant to our Faculty of Law. <br>(Opening speech of the commemoration meeting held at Istanbul University Faculty of Law. Journal of Turkish Culture, Year V, Issue 53, March 1967)<\/p>\n\n\n\n<p class=\"has-small-font-size\"><strong>Shafiga Daulet<\/strong><br>Sadri Maksudi, one of the foremost Turko-Tatar intellectuals of the twentieth century, was born in the small Kazan Tatar village of Tashsu, about 30 kilometers north of City of Kazan, the capital of Tatarstan. His unusual and distinguished career included serving in the parliaments of Czarist Russia in St. Petersbourg (in the Duma of 1907 to 1912), in the first Kazan Tatar National Assembly of parliament (Milli Mejlis) in Ufa in 1917, and in the Turkish Republic&#8217;s Parliament in Ankara (1931-1939 and 1950-1954). Maksudi was the brain behind the formation of the National Cultural Autonomy of the Turko-Tatars (of Muslims of Inner Russia and Siberia or Rusya ve Sibirya M\u00fcsl\u00fcmanlar\u0131n\u0131n Milli Medeni Muhtariyeti).<br>(<em>Kazan and Moscow<\/em>, Kase Press, Hudson New Hampshire, 2003)<\/p>\n\n\n\n<h6 class=\"wp-block-heading\" style=\"font-size:clamp(1.238rem, 1.238rem + ((1vw - 0.48rem) * 0.792), 1.65rem);text-transform:capitalize\"><a href=\"https:\/\/sadrimaksudi.org\/en\/gulnur-ayda-ucok\/\" target=\"_blank\" rel=\"noreferrer noopener\">About G\u00fclnur Ayda \u00dc\u00e7ok<\/a><\/h6>\n\n\n\n<p><\/p>\n\n\n\n<p><\/p>\n\n\n\n<div class=\"wp-block-columns alignwide is-layout-flex wp-container-26\">\n<div class=\"wp-block-column is-layout-flow\" style=\"flex-basis:20%\">\n<div class=\"wp-block-columns is-layout-flex wp-container-22\">\n<div class=\"wp-block-column is-layout-flow\"><\/div>\n<\/div>\n<\/div>\n\n\n\n<div class=\"wp-block-column is-layout-flow\" style=\"flex-basis:60%\"><\/div>\n\n\n\n<div class=\"wp-block-column is-layout-flow\" style=\"flex-basis:20%\"><\/div>\n<\/div>\n<\/div>\n<\/main>\n","protected":false},"excerpt":{"rendered":"<p>Sadri Maksudi Arsal A Documentary Study In 1923 he settled in Paris and lectured at the Institute of Slavonic Studies of the Sorbonne University.&nbsp;&nbsp; In 1925 upon Atat\u00fcrk&#8217;s invitation he moved to Ankara and founded the Department of the History of Turkish Law, initiating the study of pre-Islamic Turkish Legal System.&nbsp; He also taught Philosophy [&hellip;]<\/p>\n","protected":false},"author":1,"featured_media":0,"parent":0,"menu_order":0,"comment_status":"closed","ping_status":"closed","template":"","meta":[],"_links":{"self":[{"href":"https:\/\/sadrimaksudi.org\/en\/wp-json\/wp\/v2\/pages\/640"}],"collection":[{"href":"https:\/\/sadrimaksudi.org\/en\/wp-json\/wp\/v2\/pages"}],"about":[{"href":"https:\/\/sadrimaksudi.org\/en\/wp-json\/wp\/v2\/types\/page"}],"author":[{"embeddable":true,"href":"https:\/\/sadrimaksudi.org\/en\/wp-json\/wp\/v2\/users\/1"}],"replies":[{"embeddable":true,"href":"https:\/\/sadrimaksudi.org\/en\/wp-json\/wp\/v2\/comments?post=640"}],"version-history":[{"count":44,"href":"https:\/\/sadrimaksudi.org\/en\/wp-json\/wp\/v2\/pages\/640\/revisions"}],"predecessor-version":[{"id":838,"href":"https:\/\/sadrimaksudi.org\/en\/wp-json\/wp\/v2\/pages\/640\/revisions\/838"}],"wp:attachment":[{"href":"https:\/\/sadrimaksudi.org\/en\/wp-json\/wp\/v2\/media?parent=640"}],"curies":[{"name":"wp","href":"https:\/\/api.w.org\/{rel}","templated":true}]}}