{"id":180,"date":"2023-02-24T23:04:55","date_gmt":"2023-02-24T20:04:55","guid":{"rendered":"http:\/\/vikinar.com\/maksudi\/?page_id=180"},"modified":"2023-07-20T13:35:03","modified_gmt":"2023-07-20T13:35:03","slug":"his-speeches","status":"publish","type":"page","link":"https:\/\/sadrimaksudi.org\/en\/his-speeches\/","title":{"rendered":"His Speeches"},"content":{"rendered":"\n<p class=\"has-link-color wp-elements-404bdf87c3dad5807386595237695633\"><strong>Ankara Hukuk Mektebi<\/strong><\/p>\n\n\n\n<ul class=\"has-link-color wp-elements-75cd759f9631ba187b93bf8fd53a36c6\">\n<li><a href=\"https:\/\/sadrimaksudi.org\/en\/wp-content\/uploads\/2023\/02\/turk-hukuk-tarihi-ankara-hukuk-fakultesi-ndeki-ilk-dersi.pdf\">Ankara Hukuk Mektebi&#8217;indeki \u0130lk Dersi- T\u00fcrk Hukuk Tarihi- 1925-26 Ders Notlar\u0131<\/a><\/li>\n<\/ul>\n\n\n\n<p><strong>Speeches in the Turkish Grand National Assembly<\/strong><\/p>\n\n\n\n<ul class=\"has-link-color wp-elements-3298d21c5aa08ef107b9c523f5e794a6\">\n<li><a href=\"https:\/\/sadrimaksudi.org\/en\/wp-content\/uploads\/2023\/02\/v.donem-25.05.1935.pdf\">V. D\u00f6nem 25.05.1935<\/a><\/li>\n\n\n\n<li><a rel=\"noreferrer noopener\" href=\"https:\/\/www.sadrimaksudi.org\/uploads\/ix.donem-24.02.1954_hcdT579wjH0xvqACJg1WyMUf6.pdf\" target=\"_blank\"><\/a><a href=\"https:\/\/sadrimaksudi.org\/en\/wp-content\/uploads\/2023\/02\/v.donem-24.12.1937.pdf\">V. D\u00f6nem (24.12.1937) Denizbank<\/a><a rel=\"noreferrer noopener\" href=\"https:\/\/www.sadrimaksudi.org\/uploads\/v.donem-24.12.1937-denizbank_p21yMkfAz76bYWGFDr85IJR04.pdf\" target=\"_blank\"><\/a><\/li>\n\n\n\n<li><a href=\"https:\/\/sadrimaksudi.org\/en\/wp-content\/uploads\/2023\/02\/ix-donem-21.06.1950.pdf\">IX D\u00f6nem 21.06.1950<\/a><a rel=\"noreferrer noopener\" href=\"https:\/\/www.sadrimaksudi.org\/uploads\/ix-donem-21.06.1950_RI6DcQGgYtsUmTC8WKwfE1P94.pdf\" target=\"_blank\"><\/a><\/li>\n\n\n\n<li><a href=\"https:\/\/sadrimaksudi.org\/en\/wp-content\/uploads\/2023\/02\/ix.donem-07.07.1950.pdf\">IX. D\u00f6nem 07.07.1950<\/a><a rel=\"noreferrer noopener\" href=\"https:\/\/www.sadrimaksudi.org\/uploads\/ix.donem-07.07.1950_CqIbHfTmvG6KBnhQysMYXA2zd.pdf\" target=\"_blank\"><\/a><\/li>\n\n\n\n<li><a href=\"https:\/\/sadrimaksudi.org\/en\/wp-content\/uploads\/2023\/02\/ix.donem-11.07.1950.pdf\">IX. D\u00f6nem 11.07.1950<\/a><a rel=\"noreferrer noopener\" href=\"https:\/\/www.sadrimaksudi.org\/uploads\/ix.donem-11.07.1950_BgPaJv0T8w2NbLK9nIdU5Fjcm.pdf\" target=\"_blank\"><\/a><\/li>\n\n\n\n<li><a href=\"https:\/\/sadrimaksudi.org\/en\/wp-content\/uploads\/2023\/02\/ix.donem-13.07.1950.pdf\">IX. D\u00f6nem 13.07.1950<\/a><a rel=\"noreferrer noopener\" href=\"https:\/\/www.sadrimaksudi.org\/uploads\/ix.donem-13.07.1950_v4Lx2g9cKRatUAdNJzXf6ZQB1.pdf\" target=\"_blank\"><\/a><\/li>\n\n\n\n<li><a href=\"https:\/\/sadrimaksudi.org\/en\/wp-content\/uploads\/2023\/02\/ix.donem-25.07.1951.pdf\">IX. D\u00f6nem 25.07.1951<\/a><a rel=\"noreferrer noopener\" href=\"https:\/\/www.sadrimaksudi.org\/uploads\/ix.donem-25.07.1951_W458GhNF1sRyEQHT6nZLpVC9q.pdf\" target=\"_blank\"><\/a><\/li>\n\n\n\n<li><a href=\"https:\/\/sadrimaksudi.org\/en\/wp-content\/uploads\/2023\/02\/ix.donem-25.01.1952.pdf\">IX. D\u00f6nem 25.01.1952<\/a><a rel=\"noreferrer noopener\" href=\"https:\/\/www.sadrimaksudi.org\/uploads\/ix.donem-25.01.1952_UjOEwshZ4ByHKtAQf30pITxMr.pdf\" target=\"_blank\"><\/a><\/li>\n\n\n\n<li><a href=\"https:\/\/sadrimaksudi.org\/en\/wp-content\/uploads\/2023\/02\/ix.donem-28.01.1952.pdf\">IX. D\u00f6nem 28.01.1952<\/a><a rel=\"noreferrer noopener\" href=\"https:\/\/www.sadrimaksudi.org\/uploads\/ix.donem-28.01.1952_wWH4EKyNQA1zvRfC9Bm8bL75P.pdf\" target=\"_blank\"><\/a><\/li>\n\n\n\n<li><a href=\"https:\/\/sadrimaksudi.org\/en\/wp-content\/uploads\/2023\/02\/ix.donem-22.11.1952.pdf\">IX. D\u00f6nem 22.02.1952<\/a><a rel=\"noreferrer noopener\" href=\"https:\/\/www.sadrimaksudi.org\/uploads\/ix.donem-22.11.1952_7k6Un5SPZsvG2CB4jJxXIcgmr.pdf\" target=\"_blank\"><\/a><\/li>\n\n\n\n<li><a href=\"https:\/\/sadrimaksudi.org\/en\/wp-content\/uploads\/2023\/02\/ix.donem-25.11.1952.pdf\">IX. D\u00f6nem 25.02.1952<\/a><a rel=\"noreferrer noopener\" href=\"https:\/\/www.sadrimaksudi.org\/uploads\/ix.donem-25.11.1952_mCbx6pRBSytgId7OFsY2wLM59.pdf\" target=\"_blank\"><\/a><\/li>\n\n\n\n<li><a href=\"https:\/\/sadrimaksudi.org\/en\/wp-content\/uploads\/2023\/02\/ix.donem-27.11.1952.pdf\" data-type=\"URL\" data-id=\"https:\/\/sadrimaksudi.org\/en\/wp-content\/uploads\/2023\/02\/ix.donem-27.11.1952.pdf\">IX. D\u00f6nem 27.02.1952<\/a><a rel=\"noreferrer noopener\" href=\"https:\/\/www.sadrimaksudi.org\/uploads\/ix.donem-27.11.1952_Qs27DLZCNIh9MF8W5k3AgVwtU.pdf\" target=\"_blank\"><\/a><\/li>\n\n\n\n<li><a href=\"https:\/\/sadrimaksudi.org\/en\/wp-content\/uploads\/2023\/02\/ix.donem-28.11-1952.pdf\">IX. D\u00f6nem 28.11 1952<\/a><a rel=\"noreferrer noopener\" href=\"https:\/\/www.sadrimaksudi.org\/uploads\/ix.donem-28.11-1952_HG9FhVX6Wg7RKkB5Uwcdnxf8s.pdf\" target=\"_blank\"><\/a><\/li>\n\n\n\n<li><a href=\"https:\/\/sadrimaksudi.org\/en\/wp-content\/uploads\/2023\/02\/ix.donem-08.12.1952.pdf\">IX. D\u00f6nem 08.12.1952<\/a><a rel=\"noreferrer noopener\" href=\"https:\/\/www.sadrimaksudi.org\/uploads\/ix.donem-08.12.1952_SIFZJsEGtA7LnCB2qOxfYzXcd.pdf\" target=\"_blank\"><\/a><\/li>\n\n\n\n<li><a href=\"https:\/\/sadrimaksudi.org\/en\/wp-content\/uploads\/2023\/02\/ix.donem-04.02.1953.pdf\">IX. D\u00f6nem 04.02.1953<\/a><a rel=\"noreferrer noopener\" href=\"https:\/\/www.sadrimaksudi.org\/uploads\/ix.donem-04.02.1953_VgSEmKvzncG6pRWL9YIfN3wCX.pdf\" target=\"_blank\"><\/a><\/li>\n\n\n\n<li><a href=\"https:\/\/sadrimaksudi.org\/en\/wp-content\/uploads\/2023\/02\/ix.donem-17.02.1953.pdf\">IX. D\u00f6nem 17.02.1953<\/a><a rel=\"noreferrer noopener\" href=\"https:\/\/www.sadrimaksudi.org\/uploads\/ix.donem-17.02.1953_CcmKsr6ZtqzXgaVFvD8JUG1fQ.pdf\" target=\"_blank\"><\/a><\/li>\n\n\n\n<li><a href=\"https:\/\/sadrimaksudi.org\/en\/wp-content\/uploads\/2023\/02\/ix.donem-25.02.1953.pdf\">IX. D\u00f6nem 25.02.1953<\/a><a rel=\"noreferrer noopener\" href=\"https:\/\/www.sadrimaksudi.org\/uploads\/ix.donem-25.02.1953_WZ4fY1QcKmOrzX5IBjytAPLgM.pdf\" target=\"_blank\"><\/a><\/li>\n\n\n\n<li><a href=\"https:\/\/sadrimaksudi.org\/en\/wp-content\/uploads\/2023\/02\/ix.donem10.04.1953.pdf\">IX. D\u00f6nem10.04.1953<\/a><a rel=\"noreferrer noopener\" href=\"https:\/\/www.sadrimaksudi.org\/uploads\/ix.donem10.04.1953_NMXB849ySFRzvH1ZgnQjqcs0w.pdf\" target=\"_blank\"><\/a><\/li>\n\n\n\n<li><a href=\"https:\/\/sadrimaksudi.org\/en\/wp-content\/uploads\/2023\/02\/ix.donem-06.01.1954.pdf\">IX. D\u00f6nem 06.01.1954<\/a><a rel=\"noreferrer noopener\" href=\"https:\/\/www.sadrimaksudi.org\/uploads\/ix.donem-06.01.1954_fYZvKSdUt2zVFk6MJQ0IHLCBG.pdf\" target=\"_blank\"><\/a><\/li>\n\n\n\n<li><a href=\"https:\/\/sadrimaksudi.org\/en\/wp-content\/uploads\/2023\/02\/ix.donem-15.02.1954.pdf\">IX. D\u00f6nem 15.02.1954<\/a><a rel=\"noreferrer noopener\" href=\"https:\/\/www.sadrimaksudi.org\/uploads\/ix.donem-06.01.1954_gTcznNYqZJaLWyDQPABk6hKCI.pdf\" target=\"_blank\"><\/a><\/li>\n\n\n\n<li><a href=\"https:\/\/sadrimaksudi.org\/en\/wp-content\/uploads\/2023\/02\/ix.donem-17.02.1954.pdf\">IX. D\u00f6nem 17.02.1954<\/a><a rel=\"noreferrer noopener\" href=\"https:\/\/www.sadrimaksudi.org\/uploads\/ix.donem-17.02.1954_SMm5nhD0Hq28X7pGT9OFBEtrY.pdf\" target=\"_blank\"><\/a><\/li>\n\n\n\n<li><a href=\"https:\/\/sadrimaksudi.org\/en\/wp-content\/uploads\/2023\/02\/ix.donem-24.02.1954.pdf\">IX. D\u00f6nem 24.02.1954<\/a><\/li>\n<\/ul>\n\n\n\n<p><strong>Communications Delivered at the Turkish Historical Association<\/strong><\/p>\n\n\n\n<ul class=\"has-link-color wp-elements-18756d056c9917425415a6a4303f7ba2\">\n<li><a href=\"https:\/\/sadrimaksudi.org\/en\/wp-content\/uploads\/2023\/02\/I-Turk-Tarih-Kongresi-Tarihin-Amilleri-Ankara-1932.pdf\">&#8220;Tarihin Amilleri&#8221;, I T\u00fcrk Tarih Kongresi, Ankara, 1935.<\/a><\/li>\n\n\n\n<li><a href=\"https:\/\/sadrimaksudi.org\/en\/wp-content\/uploads\/2023\/02\/II-Turk-Tarih-Kongresi-Beseriyet-Tarihinde-Devlet-ve-Hukuk-Kavraminin-Rolu-Istanbul-20-25-Eylul-1937.pdf\">&#8220;Be\u015feriyet Tarihinde Devlet ve Hukuk Mefhumu ve M\u00fcesseserinin \u0130nki\u015faf\u0131nda T\u00fcrk Irk\u0131n\u0131n Rol\u00fc&#8221; II T\u00fcrk Tarih Kongresi, \u0130stanbul, 20- 25 Eyl\u00fcl 1937.<\/a><\/li>\n\n\n\n<li><a href=\"https:\/\/sadrimaksudi.org\/en\/wp-content\/uploads\/2023\/02\/III-Turk-Tarih-Kongresi-15-20-Kasim-1943-Farabinin-Kultur-Tarihindeki-Rolu.pdf\">&#8220;Farabi&#8217;nin K\u00fclt\u00fcr Tarihindeki Rol\u00fc&#8221;, III T\u00fcrk Tarih Kongresi, 15- 20 Kas\u0131m 1943.<\/a><\/li>\n\n\n\n<li><a href=\"https:\/\/sadrimaksudi.org\/en\/wp-content\/uploads\/2023\/02\/IV-Kongre-Soy-Oymak.pdf\">&#8220;Eski T\u00fcrk\u2019lerdeki Soy-Oymak Te\u015fkil\u00e2t\u0131n\u0131n \u0130stinat Etti\u011fi Esaslarla Kadim Yunanl\u0131lar\u0131n &#8220;Genos- Fratria Te\u015fkilat\u0131nda ve Kadim Romal\u0131lar\u0131n Gens-Curia Te\u015fk\u00eelatnda H\u00e2kim Olan Esaslar\u0131n Ayniyetine Dair&#8221;, IV T\u00fcrk Tarih Kongresi Ankara, 10- 14 Kas\u0131m 1948.<\/a><\/li>\n<\/ul>\n\n\n\n<p><strong>Duma Speeches<\/strong><\/p>\n\n\n\n<ul class=\"has-link-color wp-elements-4470503b2d0d1837d7d8de9f9bd2767d\">\n<li><a href=\"https:\/\/sadrimaksudi.org\/en\/wp-content\/uploads\/2023\/02\/s.maksudi-temmuz-1909-fransa.pdf\">Fransa, Rus ve Osmanl\u0131 Parlementerleri Ekim 1909 (Frans\u0131zca)<\/a><\/li>\n\n\n\n<li><a href=\"https:\/\/sadrimaksudi.org\/en\/wp-content\/uploads\/2023\/02\/turk-yurdu-1917-sadreddin-efendi-maksudi-tarafindan-kadetler-kongresinde-irad-edilen-nutuk.pdf\">Sadreddin Efendi Maksudi Taraf\u0131ndan Kadetler Kongresinde \u0130rad Edilen Nutuk (T\u00fcrk Yurdu 1917)<\/a><a rel=\"noreferrer noopener\" href=\"https:\/\/www.sadrimaksudi.org\/uploads\/18-agustos-1917-il-gazetesinde-cikan-konusma-metni_hHZ2vFDWL41QmPYMcOtAGVgzS.pdf\" target=\"_blank\"><\/a><\/li>\n\n\n\n<li><a href=\"https:\/\/sadrimaksudi.org\/en\/wp-content\/uploads\/2023\/02\/Millete_Cagri_22-temmuz-1917.pdf\">\u0130\u00e7 Rusya ve Sibirya M\u00fcsl\u00fcmanlar\u0131 Millet Meclisi 22.07.1917<\/a><a rel=\"noreferrer noopener\" href=\"https:\/\/www.sadrimaksudi.org\/uploads\/22-temmuz-1917_ZYdKVGr5OSIymJWw61fNpAQH0.pdf\" target=\"_blank\"><\/a><\/li>\n\n\n\n<li><a href=\"https:\/\/sadrimaksudi.org\/en\/wp-content\/uploads\/2023\/02\/Ic-Rusya-ve-Sibirya-Muslumanlari-Millet-Meclisi_31-aralik-1917.pdf\">\u0130\u00e7 Rusya ve Sibirya M\u00fcsl\u00fcmanlar\u0131 Millet Meclisi 31.12.1917<\/a><a rel=\"noreferrer noopener\" href=\"https:\/\/www.sadrimaksudi.org\/uploads\/muhtariyet-komisyonu-konusmasi-22-temmuz-1917_8H6hX2gCDKZfm7Ap9FOMkrzBE.pdf\" target=\"_blank\"><\/a><\/li>\n\n\n\n<li><a href=\"https:\/\/sadrimaksudi.org\/en\/wp-content\/uploads\/2023\/02\/ic-rusya-ve-sibirya-muslumanlari-millet-meclisi-2-ocak-1918.pdf\">\u0130\u00e7 Rusya ve Sibirya M\u00fcsl\u00fcmanlar\u0131 Millet Meclisi, 02.01.1918<\/a><\/li>\n<\/ul>\n\n\n\n<p><\/p>\n","protected":false},"excerpt":{"rendered":"<p>Ankara Hukuk Mektebi Speeches in the Turkish Grand National Assembly Communications Delivered at the Turkish Historical Association Duma Speeches<\/p>\n","protected":false},"author":1,"featured_media":0,"parent":0,"menu_order":0,"comment_status":"closed","ping_status":"closed","template":"","meta":[],"_links":{"self":[{"href":"https:\/\/sadrimaksudi.org\/en\/wp-json\/wp\/v2\/pages\/180"}],"collection":[{"href":"https:\/\/sadrimaksudi.org\/en\/wp-json\/wp\/v2\/pages"}],"about":[{"href":"https:\/\/sadrimaksudi.org\/en\/wp-json\/wp\/v2\/types\/page"}],"author":[{"embeddable":true,"href":"https:\/\/sadrimaksudi.org\/en\/wp-json\/wp\/v2\/users\/1"}],"replies":[{"embeddable":true,"href":"https:\/\/sadrimaksudi.org\/en\/wp-json\/wp\/v2\/comments?post=180"}],"version-history":[{"count":7,"href":"https:\/\/sadrimaksudi.org\/en\/wp-json\/wp\/v2\/pages\/180\/revisions"}],"predecessor-version":[{"id":835,"href":"https:\/\/sadrimaksudi.org\/en\/wp-json\/wp\/v2\/pages\/180\/revisions\/835"}],"wp:attachment":[{"href":"https:\/\/sadrimaksudi.org\/en\/wp-json\/wp\/v2\/media?parent=180"}],"curies":[{"name":"wp","href":"https:\/\/api.w.org\/{rel}","templated":true}]}}