{"id":47,"date":"2023-02-14T22:09:23","date_gmt":"2023-02-14T19:09:23","guid":{"rendered":"http:\/\/vikinar.com\/maksudi\/?page_id=47"},"modified":"2023-07-19T09:11:14","modified_gmt":"2023-07-19T09:11:14","slug":"his-books","status":"publish","type":"page","link":"http:\/\/sadrimaksudi.org\/en\/his-books\/","title":{"rendered":"His Books"},"content":{"rendered":"\n<p>Click on a thumbnail to download.<\/p>\n\n\n\n<div class=\"wp-block-columns is-layout-flex wp-container-4\">\n<div class=\"wp-block-column is-vertically-aligned-top is-layout-flow\">\n<div class=\"wp-block-media-text alignwide is-stacked-on-mobile\" style=\"grid-template-columns:55% auto\"><figure class=\"wp-block-media-text__media\"><a href=\"https:\/\/sadrimaksudi.org\/en\/wp-content\/uploads\/2023\/02\/maiset-kazan-1898-orenburg-vakit-matbaasi-ikinci-baski-1914.pdf\" target=\"_blank\" rel=\"noreferrer noopener\"><img decoding=\"async\" loading=\"lazy\" width=\"219\" height=\"337\" src=\"https:\/\/sadrimaksudi.org\/en\/wp-content\/uploads\/2023\/02\/Maiset_Kazani.jpg\" alt=\"\" class=\"wp-image-48 size-full\" srcset=\"http:\/\/sadrimaksudi.org\/en\/wp-content\/uploads\/2023\/02\/Maiset_Kazani.jpg 219w, http:\/\/sadrimaksudi.org\/en\/wp-content\/uploads\/2023\/02\/Maiset_Kazani-195x300.jpg 195w\" sizes=\"(max-width: 219px) 100vw, 219px\" \/><\/a><\/figure><div class=\"wp-block-media-text__content\">\n<p class=\"has-small-font-size\">Mai\u015fet 1898<\/p>\n<\/div><\/div>\n<\/div>\n\n\n\n<div class=\"wp-block-column is-vertically-aligned-top is-layout-flow\">\n<div class=\"wp-block-media-text alignwide is-stacked-on-mobile\" style=\"grid-template-columns:56% auto\"><figure class=\"wp-block-media-text__media\"><a href=\"https:\/\/sadrimaksudi.org\/en\/wp-content\/uploads\/2023\/02\/anglia-ya-seyahat-1914.pdf\"><img decoding=\"async\" loading=\"lazy\" width=\"247\" height=\"336\" src=\"https:\/\/sadrimaksudi.org\/en\/wp-content\/uploads\/2023\/02\/Angliya_ya_Seyahat.jpg\" alt=\"\" class=\"wp-image-49 size-full\" srcset=\"http:\/\/sadrimaksudi.org\/en\/wp-content\/uploads\/2023\/02\/Angliya_ya_Seyahat.jpg 247w, http:\/\/sadrimaksudi.org\/en\/wp-content\/uploads\/2023\/02\/Angliya_ya_Seyahat-221x300.jpg 221w\" sizes=\"(max-width: 247px) 100vw, 247px\" \/><\/a><\/figure><div class=\"wp-block-media-text__content\">\n<p class=\"has-small-font-size\">Angliya&#8217;ya Seyahat<br>1914<\/p>\n<\/div><\/div>\n<\/div>\n\n\n\n<div class=\"wp-block-column is-vertically-aligned-top is-layout-flow\">\n<div class=\"wp-block-media-text alignwide is-stacked-on-mobile\" style=\"grid-template-columns:42% auto\"><figure class=\"wp-block-media-text__media\"><a href=\"https:\/\/sadrimaksudi.org\/en\/wp-content\/uploads\/2023\/02\/anglia-ya-seyahat-kiril-kazan-utlari-1995_11.pdf\"><img decoding=\"async\" loading=\"lazy\" width=\"276\" height=\"465\" src=\"https:\/\/sadrimaksudi.org\/en\/wp-content\/uploads\/2023\/02\/Angliya_Kazan_Udlari_1955_11.jpg\" alt=\"\" class=\"wp-image-50 size-full\" srcset=\"http:\/\/sadrimaksudi.org\/en\/wp-content\/uploads\/2023\/02\/Angliya_Kazan_Udlari_1955_11.jpg 276w, http:\/\/sadrimaksudi.org\/en\/wp-content\/uploads\/2023\/02\/Angliya_Kazan_Udlari_1955_11-178x300.jpg 178w\" sizes=\"(max-width: 276px) 100vw, 276px\" \/><\/a><\/figure><div class=\"wp-block-media-text__content\">\n<p class=\"has-text-align-center has-small-font-size\">Angliya&#8217;ya<br>Seyahat-<br>Kazan Utlar\u0131<br>11.1995<\/p>\n<\/div><\/div>\n<\/div>\n<\/div>\n\n\n\n<div class=\"wp-block-columns is-layout-flex wp-container-8\">\n<div class=\"wp-block-column is-layout-flow\">\n<div class=\"wp-block-media-text alignwide is-stacked-on-mobile\" style=\"grid-template-columns:47% auto\"><figure class=\"wp-block-media-text__media\"><a href=\"https:\/\/sadrimaksudi.org\/en\/wp-content\/uploads\/2023\/02\/anglia-ya-seyahat-kiril-kazan-utlari-1995_12.pdf\"><img decoding=\"async\" loading=\"lazy\" width=\"286\" height=\"462\" src=\"https:\/\/sadrimaksudi.org\/en\/wp-content\/uploads\/2023\/02\/Angliya_Kazan_Udlari_1955_12.jpg\" alt=\"\" class=\"wp-image-51 size-full\" srcset=\"http:\/\/sadrimaksudi.org\/en\/wp-content\/uploads\/2023\/02\/Angliya_Kazan_Udlari_1955_12.jpg 286w, http:\/\/sadrimaksudi.org\/en\/wp-content\/uploads\/2023\/02\/Angliya_Kazan_Udlari_1955_12-186x300.jpg 186w\" sizes=\"(max-width: 286px) 100vw, 286px\" \/><\/a><\/figure><div class=\"wp-block-media-text__content\">\n<p class=\"has-small-font-size\">Angliya&#8217;ya Seyahat- Kazan Utlar\u0131 12.1995<\/p>\n<\/div><\/div>\n<\/div>\n\n\n\n<div class=\"wp-block-column is-layout-flow\">\n<div class=\"wp-block-media-text alignwide is-stacked-on-mobile\"><figure class=\"wp-block-media-text__media\"><a href=\"https:\/\/sadrimaksudi.org\/en\/wp-content\/uploads\/2023\/02\/hukuk-tarihi-dersleri-1926-1927.pdf\"><img decoding=\"async\" loading=\"lazy\" width=\"268\" height=\"400\" src=\"https:\/\/sadrimaksudi.org\/en\/wp-content\/uploads\/2023\/02\/hukuk-tarihi-dersleri-1926-1927.jpg\" alt=\"\" class=\"wp-image-52 size-full\" srcset=\"http:\/\/sadrimaksudi.org\/en\/wp-content\/uploads\/2023\/02\/hukuk-tarihi-dersleri-1926-1927.jpg 268w, http:\/\/sadrimaksudi.org\/en\/wp-content\/uploads\/2023\/02\/hukuk-tarihi-dersleri-1926-1927-201x300.jpg 201w\" sizes=\"(max-width: 268px) 100vw, 268px\" \/><\/a><\/figure><div class=\"wp-block-media-text__content\">\n<p class=\"has-small-font-size\">Hukuk Tarihi Dersleri 1926- 1927<\/p>\n<\/div><\/div>\n<\/div>\n\n\n\n<div class=\"wp-block-column is-layout-flow\">\n<div class=\"wp-block-media-text alignwide is-stacked-on-mobile\"><figure class=\"wp-block-media-text__media\"><a href=\"https:\/\/sadrimaksudi.org\/en\/wp-content\/uploads\/2023\/02\/hukukun-umumi-esaslari-1937.pdf\"><img decoding=\"async\" loading=\"lazy\" width=\"471\" height=\"636\" src=\"https:\/\/sadrimaksudi.org\/en\/wp-content\/uploads\/2023\/02\/Hukukun_Umumi_Esaslari.jpg\" alt=\"\" class=\"wp-image-53 size-full\" srcset=\"http:\/\/sadrimaksudi.org\/en\/wp-content\/uploads\/2023\/02\/Hukukun_Umumi_Esaslari.jpg 471w, http:\/\/sadrimaksudi.org\/en\/wp-content\/uploads\/2023\/02\/Hukukun_Umumi_Esaslari-222x300.jpg 222w\" sizes=\"(max-width: 471px) 100vw, 471px\" \/><\/a><\/figure><div class=\"wp-block-media-text__content\">\n<p class=\"has-small-font-size\">Hukukun Umumi Esaslar\u0131 1937<\/p>\n<\/div><\/div>\n<\/div>\n<\/div>\n\n\n\n<div class=\"wp-block-columns is-layout-flex wp-container-12\">\n<div class=\"wp-block-column is-layout-flow\">\n<div class=\"wp-block-media-text alignwide is-stacked-on-mobile\"><figure class=\"wp-block-media-text__media\"><a href=\"https:\/\/sadrimaksudi.org\/en\/wp-content\/uploads\/2023\/02\/hukuk-felsefesi-tarihi-1945.pdf\"><img decoding=\"async\" loading=\"lazy\" width=\"320\" height=\"450\" src=\"https:\/\/sadrimaksudi.org\/en\/wp-content\/uploads\/2023\/02\/hukuk-felsefesi-tarihi-1945.jpg\" alt=\"\" class=\"wp-image-54 size-full\" srcset=\"http:\/\/sadrimaksudi.org\/en\/wp-content\/uploads\/2023\/02\/hukuk-felsefesi-tarihi-1945.jpg 320w, http:\/\/sadrimaksudi.org\/en\/wp-content\/uploads\/2023\/02\/hukuk-felsefesi-tarihi-1945-213x300.jpg 213w\" sizes=\"(max-width: 320px) 100vw, 320px\" \/><\/a><\/figure><div class=\"wp-block-media-text__content\">\n<p class=\"has-small-font-size\">Hukuk Feslsefesi Tarihi <br>1945<\/p>\n<\/div><\/div>\n<\/div>\n\n\n\n<div class=\"wp-block-column is-layout-flow\">\n<div class=\"wp-block-media-text alignwide is-stacked-on-mobile\"><figure class=\"wp-block-media-text__media\"><a href=\"https:\/\/sadrimaksudi.org\/en\/wp-content\/uploads\/2023\/02\/umumi-hukuk-tarihi-1948.pdf\"><img decoding=\"async\" loading=\"lazy\" width=\"317\" height=\"450\" src=\"https:\/\/sadrimaksudi.org\/en\/wp-content\/uploads\/2023\/02\/umumi-hukuk-tarihi-1948.jpg\" alt=\"\" class=\"wp-image-55 size-full\" srcset=\"http:\/\/sadrimaksudi.org\/en\/wp-content\/uploads\/2023\/02\/umumi-hukuk-tarihi-1948.jpg 317w, http:\/\/sadrimaksudi.org\/en\/wp-content\/uploads\/2023\/02\/umumi-hukuk-tarihi-1948-211x300.jpg 211w\" sizes=\"(max-width: 317px) 100vw, 317px\" \/><\/a><\/figure><div class=\"wp-block-media-text__content\">\n<p class=\"has-small-font-size\">Umumi Hukuk Tarihi<br>1948<\/p>\n<\/div><\/div>\n<\/div>\n\n\n\n<div class=\"wp-block-column is-layout-flow\">\n<div class=\"wp-block-media-text alignwide is-stacked-on-mobile\" style=\"grid-template-columns:48% auto\"><figure class=\"wp-block-media-text__media\"><a href=\"https:\/\/sadrimaksudi.org\/en\/wp-content\/uploads\/2023\/05\/milliyet-duygusunun-sosyolojik-esaslari-1955.jpg-Acilmis.jpg\"><img decoding=\"async\" loading=\"lazy\" width=\"693\" height=\"1024\" src=\"https:\/\/sadrimaksudi.org\/en\/wp-content\/uploads\/2023\/05\/milliyet-duygusunun-sosyolojik-esaslari-1955.jpg-Acilmis-693x1024.jpg\" alt=\"\" class=\"wp-image-537 size-full\" srcset=\"http:\/\/sadrimaksudi.org\/en\/wp-content\/uploads\/2023\/05\/milliyet-duygusunun-sosyolojik-esaslari-1955.jpg-Acilmis-693x1024.jpg 693w, http:\/\/sadrimaksudi.org\/en\/wp-content\/uploads\/2023\/05\/milliyet-duygusunun-sosyolojik-esaslari-1955.jpg-Acilmis-203x300.jpg 203w, http:\/\/sadrimaksudi.org\/en\/wp-content\/uploads\/2023\/05\/milliyet-duygusunun-sosyolojik-esaslari-1955.jpg-Acilmis-768x1134.jpg 768w, http:\/\/sadrimaksudi.org\/en\/wp-content\/uploads\/2023\/05\/milliyet-duygusunun-sosyolojik-esaslari-1955.jpg-Acilmis.jpg 812w\" sizes=\"(max-width: 693px) 100vw, 693px\" \/><\/a><\/figure><div class=\"wp-block-media-text__content\">\n<p class=\"has-small-font-size\">Milliyet Duygusunun Sosyolojik Esaslar\u0131 1955<\/p>\n<\/div><\/div>\n<\/div>\n<\/div>\n\n\n\n<div class=\"wp-block-columns is-layout-flex wp-container-16\">\n<div class=\"wp-block-column is-layout-flow\">\n<div class=\"wp-block-media-text alignwide is-stacked-on-mobile\"><figure class=\"wp-block-media-text__media\"><a href=\"https:\/\/sadrimaksudi.org\/en\/wp-content\/uploads\/2023\/02\/turk-tarihi-ve-hukuk-ttk-2014.pdf\"><img decoding=\"async\" loading=\"lazy\" width=\"304\" height=\"450\" src=\"https:\/\/sadrimaksudi.org\/en\/wp-content\/uploads\/2023\/02\/turk-tarihi-ve-hukuk-ttk-2014.jpg\" alt=\"\" class=\"wp-image-57 size-full\" srcset=\"http:\/\/sadrimaksudi.org\/en\/wp-content\/uploads\/2023\/02\/turk-tarihi-ve-hukuk-ttk-2014.jpg 304w, http:\/\/sadrimaksudi.org\/en\/wp-content\/uploads\/2023\/02\/turk-tarihi-ve-hukuk-ttk-2014-203x300.jpg 203w\" sizes=\"(max-width: 304px) 100vw, 304px\" \/><\/a><\/figure><div class=\"wp-block-media-text__content\">\n<p class=\"has-small-font-size\">T\u00fcrk Tarihi ve Hukuk <br>&#8212;&#8211;<br>T\u00fcrk Tarih Kurumu 2014<\/p>\n<\/div><\/div>\n<\/div>\n\n\n\n<div class=\"wp-block-column is-layout-flow\">\n<div class=\"wp-block-media-text alignwide is-stacked-on-mobile\"><figure class=\"wp-block-media-text__media\"><\/figure><div class=\"wp-block-media-text__content\">\n<p><\/p>\n<\/div><\/div>\n<\/div>\n\n\n\n<div class=\"wp-block-column is-layout-flow\">\n<div class=\"wp-block-media-text alignwide is-stacked-on-mobile\"><figure class=\"wp-block-media-text__media\"><\/figure><div class=\"wp-block-media-text__content\">\n<p><\/p>\n<\/div><\/div>\n<\/div>\n<\/div>\n","protected":false},"excerpt":{"rendered":"<p>Click on a thumbnail to download. Mai\u015fet 1898 Angliya&#8217;ya Seyahat1914 Angliya&#8217;yaSeyahat-Kazan Utlar\u013111.1995 Angliya&#8217;ya Seyahat- Kazan Utlar\u0131 12.1995 Hukuk Tarihi Dersleri 1926- 1927 Hukukun Umumi Esaslar\u0131 1937 Hukuk Feslsefesi Tarihi 1945 Umumi Hukuk Tarihi1948 Milliyet Duygusunun Sosyolojik Esaslar\u0131 1955 T\u00fcrk Tarihi ve Hukuk &#8212;&#8211;T\u00fcrk Tarih Kurumu 2014<\/p>\n","protected":false},"author":1,"featured_media":0,"parent":0,"menu_order":0,"comment_status":"closed","ping_status":"closed","template":"","meta":[],"_links":{"self":[{"href":"http:\/\/sadrimaksudi.org\/en\/wp-json\/wp\/v2\/pages\/47"}],"collection":[{"href":"http:\/\/sadrimaksudi.org\/en\/wp-json\/wp\/v2\/pages"}],"about":[{"href":"http:\/\/sadrimaksudi.org\/en\/wp-json\/wp\/v2\/types\/page"}],"author":[{"embeddable":true,"href":"http:\/\/sadrimaksudi.org\/en\/wp-json\/wp\/v2\/users\/1"}],"replies":[{"embeddable":true,"href":"http:\/\/sadrimaksudi.org\/en\/wp-json\/wp\/v2\/comments?post=47"}],"version-history":[{"count":16,"href":"http:\/\/sadrimaksudi.org\/en\/wp-json\/wp\/v2\/pages\/47\/revisions"}],"predecessor-version":[{"id":807,"href":"http:\/\/sadrimaksudi.org\/en\/wp-json\/wp\/v2\/pages\/47\/revisions\/807"}],"wp:attachment":[{"href":"http:\/\/sadrimaksudi.org\/en\/wp-json\/wp\/v2\/media?parent=47"}],"curies":[{"name":"wp","href":"https:\/\/api.w.org\/{rel}","templated":true}]}}